{"id":10880,"date":"2025-10-30T22:34:10","date_gmt":"2025-10-30T22:34:10","guid":{"rendered":"https:\/\/banmobile.com\/?post_type=product&#038;p=10880"},"modified":"2025-11-02T05:17:30","modified_gmt":"2025-11-02T05:17:30","slug":"iphone-17-pro","status":"publish","type":"product","link":"https:\/\/banmobile.com\/index.php\/san-pham\/iphone-17-pro\/","title":{"rendered":"iPhone 17 Pro"},"content":{"rendered":"\t\t<div data-elementor-type=\"wp-post\" data-elementor-id=\"10880\" class=\"elementor elementor-10880\">\n\t\t\t\t<div class=\"wd-negative-gap elementor-element elementor-element-5aa68a75 e-flex e-con-boxed e-con e-parent\" data-id=\"5aa68a75\" data-element_type=\"container\" data-e-type=\"container\">\n\t\t\t\t\t<div class=\"e-con-inner\">\n\t\t<div class=\"elementor-element elementor-element-2859a803 e-con-full e-flex e-con e-child\" data-id=\"2859a803\" data-element_type=\"container\" data-e-type=\"container\">\n\t\t\t\t<div class=\"elementor-element elementor-element-14e3ded1 wd-width-100 elementor-widget elementor-widget-wd_images_gallery\" data-id=\"14e3ded1\" data-element_type=\"widget\" data-e-type=\"widget\" data-widget_type=\"wd_images_gallery.default\">\n\t\t\t\t<div class=\"elementor-widget-container\">\n\t\t\t\t\t\t\t<div class=\"wd-images-gallery\" style=\"--wd-align-items:center; --wd-justify-content:center;\">\n\t\t\t\t\t\t<div class=\"wd-grid-g\" style=\"--wd-col-lg:2;--wd-col-md:2;--wd-col-sm:2;--wd-gap-lg:20px;--wd-gap-sm:10px;\" >\n\t\t\t\t\t\t\t\t\t\t\t\t\t\t\t\t\t\t<div class=\"wd-gallery-item wd-col\">\n\t\t\t\t\t\t\n\t\t\t\t\t\t<img loading=\"lazy\" decoding=\"async\" width=\"660\" height=\"990\" src=\"https:\/\/banmobile.com\/wp-content\/uploads\/2022\/09\/accessories-single-product-5.jpg\" class=\"attachment-full size-full\" alt=\"accessories-single-product-5\" \/>\n\t\t\t\t\t\t\t\t\t\t\t<\/div>\n\t\t\t\t\t\t\t\t\t\t\t\t\t\t\t<div class=\"wd-gallery-item wd-col\">\n\t\t\t\t\t\t\n\t\t\t\t\t\t<img loading=\"lazy\" decoding=\"async\" width=\"1024\" height=\"1536\" src=\"https:\/\/banmobile.com\/wp-content\/uploads\/2022\/09\/accessories-single-product-6.jpg\" class=\"attachment-full size-full\" alt=\"accessories-single-product-6\" \/>\n\t\t\t\t\t\t\t\t\t\t\t<\/div>\n\t\t\t\t\t\t\t\t\t\t\t\t\t<\/div>\n\t\t\t\t\t<\/div>\n\t\t\t\t\t\t<\/div>\n\t\t\t\t<\/div>\n\t\t\t\t<\/div>\n\t\t<div class=\"elementor-element elementor-element-23fb2f9b e-con-full e-flex e-con e-child\" data-id=\"23fb2f9b\" data-element_type=\"container\" data-e-type=\"container\">\n\t\t\t\t<div class=\"elementor-element elementor-element-307bb15a wd-width-100 elementor-widget elementor-widget-wd_title\" data-id=\"307bb15a\" data-element_type=\"widget\" data-e-type=\"widget\" data-widget_type=\"wd_title.default\">\n\t\t\t\t<div class=\"elementor-widget-container\">\n\t\t\t\t\t\t\t<div class=\"title-wrapper wd-set-mb reset-last-child wd-title-color-default wd-title-style-default wd-title-size-default text-left\">\n\n\t\t\t\n\t\t\t<div class=\"liner-continer\">\n\t\t\t\t<h4 class=\"woodmart-title-container title wd-fontsize-l\">Features<\/h4> \n\t\t\t\t\t\t\t<\/div>\n\n\t\t\t\t\t<\/div>\n\t\t\t\t\t\t<\/div>\n\t\t\t\t<\/div>\n\t\t\t\t<div class=\"elementor-element elementor-element-5df625f0 elementor-widget elementor-widget-wd_text_block\" data-id=\"5df625f0\" data-element_type=\"widget\" data-e-type=\"widget\" data-widget_type=\"wd_text_block.default\">\n\t\t\t\t<div class=\"elementor-widget-container\">\n\t\t\t\t\t\t\t<div class=\"wd-text-block reset-last-child text-left\">\n\t\t\t\n\t\t\t<p>Using dummy content or fake information in the Web design process can result in products with unrealistic assumptions and potentially serious design flaws. A seemingly elegant design can quickly begin to bloat with unexpected content or break under the weight of actual activity. Fake data can ensure a nice looking layout but it doesn\u2019t reflect what a living, breathing application must endure.<\/p>\n\t\t\t\t\t<\/div>\n\t\t\t\t\t\t<\/div>\n\t\t\t\t<\/div>\n\t\t<div class=\"elementor-element elementor-element-4ef98c71 e-con-full e-flex e-con e-child\" data-id=\"4ef98c71\" data-element_type=\"container\" data-e-type=\"container\">\n\t\t\t\t<div class=\"elementor-element elementor-element-1df38c8d elementor-widget__width-initial elementor-widget elementor-widget-wd_list\" data-id=\"1df38c8d\" data-element_type=\"widget\" data-e-type=\"widget\" data-widget_type=\"wd_list.default\">\n\t\t\t\t<div class=\"elementor-widget-container\">\n\t\t\t\t\t\t\t<ul class=\"wd-list color-scheme-custom wd-fontsize-s wd-type-icon wd-style-default text-left\">\n\t\t\t\t\t\t\t\t\t\t\t<li class=\"elementor-repeater-item-5d51f7b\">\n\t\t\t\t\t\t\t\t\t\t\t<span class=\"wd-icon\"><img decoding=\"async\"  src=\"https:\/\/banmobile.com\/wp-content\/uploads\/2022\/09\/ecology.svg\" title=\"ecology\" loading=\"lazy\" width=\"25\" height=\"25\"><\/span>\t\t\t\t\t\n\t\t\t\t\t<span class=\"wd-list-content list-content\">\n\t\t\t\t\t\t\t\t\t\t\t\t\tEcology\t\t\t\t\t\t\t\t\t\t\t<\/span>\n\t\t\t\t<\/li>\n\t\t\t\t\t\t\t\t\t\t\t<li class=\"elementor-repeater-item-07957e8\">\n\t\t\t\t\t\t\t\t\t\t\t<span class=\"wd-icon\"><img decoding=\"async\"  src=\"https:\/\/banmobile.com\/wp-content\/uploads\/2022\/09\/chargers.svg\" title=\"chargers\" loading=\"lazy\" width=\"25\" height=\"25\"><\/span>\t\t\t\t\t\n\t\t\t\t\t<span class=\"wd-list-content list-content\">\n\t\t\t\t\t\t\t\t\t\t\t\t\tChargers\t\t\t\t\t\t\t\t\t\t\t<\/span>\n\t\t\t\t<\/li>\n\t\t\t\t\t<\/ul>\n\n\t\t\t\t\t\t<\/div>\n\t\t\t\t<\/div>\n\t\t\t\t<div class=\"elementor-element elementor-element-87fd9d5 elementor-widget__width-initial elementor-widget elementor-widget-wd_list\" data-id=\"87fd9d5\" data-element_type=\"widget\" data-e-type=\"widget\" data-widget_type=\"wd_list.default\">\n\t\t\t\t<div class=\"elementor-widget-container\">\n\t\t\t\t\t\t\t<ul class=\"wd-list color-scheme-custom wd-fontsize-s wd-type-icon wd-style-default text-left\">\n\t\t\t\t\t\t\t\t\t\t\t<li class=\"elementor-repeater-item-5d51f7b\">\n\t\t\t\t\t\t\t\t\t\t\t<span class=\"wd-icon\"><img decoding=\"async\"  src=\"https:\/\/banmobile.com\/wp-content\/uploads\/2022\/09\/creativity.svg\" title=\"creativity\" loading=\"lazy\" width=\"25\" height=\"25\"><\/span>\t\t\t\t\t\n\t\t\t\t\t<span class=\"wd-list-content list-content\">\n\t\t\t\t\t\t\t\t\t\t\t\t\tCreativity\t\t\t\t\t\t\t\t\t\t\t<\/span>\n\t\t\t\t<\/li>\n\t\t\t\t\t\t\t\t\t\t\t<li class=\"elementor-repeater-item-07957e8\">\n\t\t\t\t\t\t\t\t\t\t\t<span class=\"wd-icon\"><img decoding=\"async\"  src=\"https:\/\/banmobile.com\/wp-content\/uploads\/2022\/09\/mag-safe.svg\" title=\"mag-safe\" loading=\"lazy\" width=\"25\" height=\"25\"><\/span>\t\t\t\t\t\n\t\t\t\t\t<span class=\"wd-list-content list-content\">\n\t\t\t\t\t\t\t\t\t\t\t\t\tMagSafe\t\t\t\t\t\t\t\t\t\t\t<\/span>\n\t\t\t\t<\/li>\n\t\t\t\t\t<\/ul>\n\n\t\t\t\t\t\t<\/div>\n\t\t\t\t<\/div>\n\t\t\t\t<div class=\"elementor-element elementor-element-3c2ea2f9 elementor-widget__width-initial elementor-widget elementor-widget-wd_list\" data-id=\"3c2ea2f9\" data-element_type=\"widget\" data-e-type=\"widget\" data-widget_type=\"wd_list.default\">\n\t\t\t\t<div class=\"elementor-widget-container\">\n\t\t\t\t\t\t\t<ul class=\"wd-list color-scheme-custom wd-fontsize-s wd-type-icon wd-style-default text-left\">\n\t\t\t\t\t\t\t\t\t\t\t<li class=\"elementor-repeater-item-5d51f7b\">\n\t\t\t\t\t\t\t\t\t\t\t<span class=\"wd-icon\"><img decoding=\"async\"  src=\"https:\/\/banmobile.com\/wp-content\/uploads\/2022\/09\/materials.svg\" title=\"materials\" loading=\"lazy\" width=\"25\" height=\"25\"><\/span>\t\t\t\t\t\n\t\t\t\t\t<span class=\"wd-list-content list-content\">\n\t\t\t\t\t\t\t\t\t\t\t\t\tMaterials\t\t\t\t\t\t\t\t\t\t\t<\/span>\n\t\t\t\t<\/li>\n\t\t\t\t\t\t\t\t\t\t\t<li class=\"elementor-repeater-item-07957e8\">\n\t\t\t\t\t\t\t\t\t\t\t<span class=\"wd-icon\"><img decoding=\"async\"  src=\"https:\/\/banmobile.com\/wp-content\/uploads\/2022\/09\/power-cables.svg\" title=\"power-cables\" loading=\"lazy\" width=\"25\" height=\"25\"><\/span>\t\t\t\t\t\n\t\t\t\t\t<span class=\"wd-list-content list-content\">\n\t\t\t\t\t\t\t\t\t\t\t\t\tPower & Cables\t\t\t\t\t\t\t\t\t\t\t<\/span>\n\t\t\t\t<\/li>\n\t\t\t\t\t<\/ul>\n\n\t\t\t\t\t\t<\/div>\n\t\t\t\t<\/div>\n\t\t\t\t<\/div>\n\t\t\t\t<\/div>\n\t\t\t\t\t<\/div>\n\t\t\t\t<\/div>\n\t\t<div class=\"wd-negative-gap elementor-element elementor-element-13fd44e0 e-flex e-con-boxed e-con e-parent\" data-id=\"13fd44e0\" data-element_type=\"container\" data-e-type=\"container\">\n\t\t\t\t\t<div class=\"e-con-inner\">\n\t\t<div class=\"elementor-element elementor-element-3a0eed8d e-con-full e-flex e-con e-child\" data-id=\"3a0eed8d\" data-element_type=\"container\" data-e-type=\"container\">\n\t\t\t\t<div class=\"elementor-element elementor-element-55781928 wd-width-100 elementor-widget elementor-widget-wd_title\" data-id=\"55781928\" data-element_type=\"widget\" data-e-type=\"widget\" data-widget_type=\"wd_title.default\">\n\t\t\t\t<div class=\"elementor-widget-container\">\n\t\t\t\t\t\t\t<div class=\"title-wrapper wd-set-mb reset-last-child wd-title-color-default wd-title-style-default wd-title-size-default text-left\">\n\n\t\t\t\n\t\t\t<div class=\"liner-continer\">\n\t\t\t\t<h4 class=\"woodmart-title-container title wd-fontsize-l\">All-rounded Protection<\/h4> \n\t\t\t\t\t\t\t<\/div>\n\n\t\t\t\t\t<\/div>\n\t\t\t\t\t\t<\/div>\n\t\t\t\t<\/div>\n\t\t\t\t<div class=\"elementor-element elementor-element-6a5af6df elementor-widget elementor-widget-wd_text_block\" data-id=\"6a5af6df\" data-element_type=\"widget\" data-e-type=\"widget\" data-widget_type=\"wd_text_block.default\">\n\t\t\t\t<div class=\"elementor-widget-container\">\n\t\t\t\t\t\t\t<div class=\"wd-text-block reset-last-child text-left\">\n\t\t\t\n\t\t\t<p>Rated for drops up to 6 feet, these cases include additional internal shock-absorbing geometry to protect your phone. A series of ribs surround the phone and are specifically designed to direct force away from the device during an impact. We even leave room for you to apply a screen protector, giving you that extra comfort.<\/p>\n\t\t\t\t\t<\/div>\n\t\t\t\t\t\t<\/div>\n\t\t\t\t<\/div>\n\t\t\t\t<div class=\"elementor-element elementor-element-b48a5c elementor-widget elementor-widget-wd_button\" data-id=\"b48a5c\" data-element_type=\"widget\" data-e-type=\"widget\" data-widget_type=\"wd_button.default\">\n\t\t\t\t<div class=\"elementor-widget-container\">\n\t\t\t\t\t\t\t<div class=\"wd-button-wrapper text-left\" >\n\t\t\t<a class=\"btn btn-style-default btn-shape-semi-round btn-size-default btn-color-primary btn-icon-pos-right\"  href=\"#\">\n\t\t\t\t<span class=\"wd-btn-text\" data-elementor-setting-key=\"text\">\n\t\t\t\t\tQuestions &amp; Answers\t\t\t\t<\/span>\n\n\t\t\t\t\t\t\t<\/a>\n\t\t<\/div>\n\t\t\t\t\t\t<\/div>\n\t\t\t\t<\/div>\n\t\t\t\t<\/div>\n\t\t<div class=\"elementor-element elementor-element-6d76626c e-con-full e-flex e-con e-child\" data-id=\"6d76626c\" data-element_type=\"container\" data-e-type=\"container\">\n\t\t\t\t<div class=\"elementor-element elementor-element-2f42d5d1 elementor-widget elementor-widget-wd_image_or_svg\" data-id=\"2f42d5d1\" data-element_type=\"widget\" data-e-type=\"widget\" data-widget_type=\"wd_image_or_svg.default\">\n\t\t\t\t<div class=\"elementor-widget-container\">\n\t\t\t\t\t\n\t\t<div class=\"wd-image text-left\">\n\t\t\t\t\t\t\t\t<img loading=\"lazy\" decoding=\"async\" width=\"1320\" height=\"880\" src=\"https:\/\/banmobile.com\/wp-content\/uploads\/2022\/09\/accessories-single-product-3-1.jpg\" class=\"attachment-full size-full\" alt=\"\" \/>\t\t\t\t\t<\/div>\n\n\t\t\t\t\t\t<\/div>\n\t\t\t\t<\/div>\n\t\t\t\t<\/div>\n\t\t\t\t\t<\/div>\n\t\t\t\t<\/div>\n\t\t<div class=\"wd-negative-gap elementor-element elementor-element-1c3e9ae3 e-flex e-con-boxed e-con e-parent\" data-id=\"1c3e9ae3\" data-element_type=\"container\" data-e-type=\"container\">\n\t\t\t\t\t<div class=\"e-con-inner\">\n\t\t<div class=\"elementor-element elementor-element-4b1a84ff e-con-full e-flex e-con e-child\" data-id=\"4b1a84ff\" data-element_type=\"container\" data-e-type=\"container\">\n\t\t\t\t<div class=\"elementor-element elementor-element-b62eefc wd-width-100 elementor-widget elementor-widget-wd_video\" data-id=\"b62eefc\" data-element_type=\"widget\" data-e-type=\"widget\" data-widget_type=\"wd_video.default\">\n\t\t\t\t<div class=\"elementor-widget-container\">\n\t\t\t\t\t\n\t\t<div class=\"wd-el-video wd-action-overlay wd-video-youtube wd-with-aspect-ratio\">\n\t\t\t\t\t\t\t<iframe data-lazy-load=\"https:\/\/www.youtube.com\/embed\/XHOmBV4js_E?feature=oembed&loop=0&mute=0&controls=1\" allowfullscreen allow=\"accelerometer; autoplay; encrypted-media; gyroscope; picture-in-picture\" width=\"100%\" height=\"100%\" loading=\"lazy\" aria-label=\"Video player\"><\/iframe>\t\t\t\n\t\t\t\n\t\t\t\n\t\t\t\t\t\t\t<div class=\"wd-el-video-overlay wd-fill\">\n\t\t\t\t\t<img loading=\"lazy\" decoding=\"async\" width=\"1200\" height=\"801\" src=\"https:\/\/banmobile.com\/wp-content\/uploads\/2022\/09\/accessories-single-product-4-1.jpg\" class=\"attachment-full size-full\" alt=\"\" \/>\t\t\t\t<\/div>\n\t\t\t\t<div class=\"wd-el-video-control color-scheme-light wd-fill\">\n\t\t\t\t\t<span class=\"wd-el-video-play-btn\"><\/span>\n\t\t\t\t\t\t\t\t\t<\/div>\n\n\t\t\t\t<a class=\"wd-el-video-link wd-el-video-btn-overlay wd-fill\" href=\"https:\/\/www.youtube.com\/watch?v=XHOmBV4js_E\" aria-label=\"Play video\"><\/a>\n\t\t\t\t\t<\/div>\n\t\t\t\t\t\t<\/div>\n\t\t\t\t<\/div>\n\t\t\t\t<\/div>\n\t\t<div class=\"elementor-element elementor-element-675f9fd0 e-con-full e-flex e-con e-child\" data-id=\"675f9fd0\" data-element_type=\"container\" data-e-type=\"container\">\n\t\t\t\t<div class=\"elementor-element elementor-element-214d2998 wd-width-100 elementor-widget elementor-widget-wd_title\" data-id=\"214d2998\" data-element_type=\"widget\" data-e-type=\"widget\" data-widget_type=\"wd_title.default\">\n\t\t\t\t<div class=\"elementor-widget-container\">\n\t\t\t\t\t\t\t<div class=\"title-wrapper wd-set-mb reset-last-child wd-title-color-default wd-title-style-default wd-title-size-default text-left\">\n\n\t\t\t\n\t\t\t<div class=\"liner-continer\">\n\t\t\t\t<h4 class=\"woodmart-title-container title wd-fontsize-l\">Materials<\/h4> \n\t\t\t\t\t\t\t<\/div>\n\n\t\t\t\t\t<\/div>\n\t\t\t\t\t\t<\/div>\n\t\t\t\t<\/div>\n\t\t\t\t<div class=\"elementor-element elementor-element-7853a80c elementor-widget elementor-widget-wd_text_block\" data-id=\"7853a80c\" data-element_type=\"widget\" data-e-type=\"widget\" data-widget_type=\"wd_text_block.default\">\n\t\t\t\t<div class=\"elementor-widget-container\">\n\t\t\t\t\t\t\t<div class=\"wd-text-block reset-last-child text-left\">\n\t\t\t\n\t\t\t<p>We\u2019ve been working on perfecting bioplastics that feel good, wear well, and compost when you\u2019re finished using them as a phone case. You\u2019ll find the same great material in our iPhone Bio Case.<\/p><p>Our bioplastic is verified to meet U.S. (ASTM D6400-04) and E.U. (EN13432) standards for compostability. It means you can toss your case in the city compost bin when you upgrade your phone.<\/p>\n\t\t\t\t\t<\/div>\n\t\t\t\t\t\t<\/div>\n\t\t\t\t<\/div>\n\t\t\t\t<div class=\"elementor-element elementor-element-41ac592f elementor-widget elementor-widget-wd_infobox\" data-id=\"41ac592f\" data-element_type=\"widget\" data-e-type=\"widget\" data-widget_type=\"wd_infobox.default\">\n\t\t\t\t<div class=\"elementor-widget-container\">\n\t\t\t\t\t\t\t<div class=\"info-box-wrapper\">\n\t\t\t<div class=\"wd-info-box text-left box-icon-align-left box-style-base color-scheme- wd-items-top\">\n\t\t\t\t\t\t\t\t\t<div class=\"box-icon-wrapper  box-with-icon box-icon-simple\">\n\t\t\t\t\t\t<div class=\"info-box-icon\">\n\t\t\t\t\t\t\t\t\t\t\t\t\t\t\t<img loading=\"lazy\" decoding=\"async\" width=\"65\" height=\"65\" src=\"https:\/\/banmobile.com\/wp-content\/uploads\/2022\/09\/acs-ab-us-img-avatar-65x65.png\" class=\"attachment-65x65 size-65x65\" alt=\"\" srcset=\"https:\/\/banmobile.com\/wp-content\/uploads\/2022\/09\/acs-ab-us-img-avatar-65x65.png 65w, https:\/\/banmobile.com\/wp-content\/uploads\/2022\/09\/acs-ab-us-img-avatar.png 72w\" sizes=\"auto, (max-width: 65px) 100vw, 65px\" \/>\t\t\t\t\t\t\t\t\t\t\t\t\t<\/div>\n\t\t\t\t\t<\/div>\n\t\t\t\t\n\t\t\t\t<div class=\"info-box-content\">\n\t\t\t\t\t\n\t\t\t\t\t\t\t\t\t\t\t<h4\t\t\t\t\t\tclass=\"info-box-title title box-title-style-default wd-fontsize-m\" data-elementor-setting-key=\"title\">\n\t\t\t\t\t\t\t\tBrooklyn Simmons\t\t\t\t\t\t<\/h4>\n\t\t\t\t\t\n\t\t\t\t\t<div class=\"info-box-inner reset-last-child\"data-elementor-setting-key=\"content\"><p>BARONE LLC<\/p>\n<\/div>\n\n\t\t\t\t\t\t\t\t\t<\/div>\n\n\t\t\t\t\t\t\t<\/div>\n\t\t<\/div>\n\t\t\t\t\t\t<\/div>\n\t\t\t\t<\/div>\n\t\t\t\t<\/div>\n\t\t\t\t\t<\/div>\n\t\t\t\t<\/div>\n\t\t\t\t<\/div>\n\t\t","protected":false},"excerpt":{"rendered":"<p><strong>iPhone 17 Pro Max 256GB \u2013 Hi\u1ec7u n\u0103ng v\u01b0\u1ee3t tr\u1ed9i, camera chuy\u00ean nghi\u1ec7p, thi\u1ebft k\u1ebf \u0111\u1eb3ng c\u1ea5p<\/strong><\/p>\n<p>iPhone 17 Pro Max 256GB l\u00e0 si\u00eau ph\u1ea9m m\u1edbi nh\u1ea5t t\u1eeb Apple, mang \u0111\u1ebfn tr\u1ea3i nghi\u1ec7m \u0111\u1ec9nh cao v\u1edbi chip A19 Pro m\u1ea1nh m\u1ebd, h\u1ec7 th\u1ed1ng 3 camera 48MP chuy\u00ean nghi\u1ec7p v\u00e0 m\u00e0n h\u00ecnh Super Retina XDR 6.9 inch si\u00eau s\u00e1ng, t\u1ea7n s\u1ed1 qu\u00e9t 120Hz.<\/p>\n<p>S\u1edf h\u1eefu thi\u1ebft k\u1ebf sang tr\u1ecdng v\u1edbi khung nh\u00f4m cao c\u1ea5p v\u00e0 m\u1eb7t k\u00ednh Ceramic Shield th\u1ebf h\u1ec7 m\u1edbi, iPhone 17 Pro Max v\u1eeba b\u1ec1n b\u1ec9, v\u1eeba to\u00e1t l\u00ean v\u1ebb tinh t\u1ebf. Vi\u00ean pin dung l\u01b0\u1ee3ng cao cho ph\u00e9p ph\u00e1t video li\u00ean t\u1ee5c \u0111\u1ebfn 37 gi\u1edd, \u0111\u00e1p \u1ee9ng m\u1ecdi nhu c\u1ea7u gi\u1ea3i tr\u00ed, l\u00e0m vi\u1ec7c c\u1ea3 ng\u00e0y d\u00e0i.<\/p>\n<p><strong>T\u00ednh n\u0103ng n\u1ed5i b\u1eadt<\/strong><\/p>\n<ul>\n<li>M\u00e0n h\u00ecnh: Super Retina XDR OLED 6.9 inch, LTPO, ProMotion 120Hz, \u0111\u1ed9 s\u00e1ng t\u1ed1i \u0111a 3000 nits<\/li>\n<li>Chip x\u1eed l\u00fd: Apple A19 Pro 3nm \u2013 hi\u1ec7u n\u0103ng m\u1ea1nh m\u1ebd, ti\u1ebft ki\u1ec7m n\u0103ng l\u01b0\u1ee3ng v\u01b0\u1ee3t tr\u1ed9i<\/li>\n<\/ul>\n<p><strong>H\u1ec7 th\u1ed1ng camera<\/strong><\/p>\n<ul>\n<li>3 camera sau 48MP (Ch\u00ednh, Tele 5x, Si\u00eau r\u1ed9ng)<\/li>\n<li>Zoom quang h\u1ecdc 8x, quay video 4K Dolby Vision 120fps<\/li>\n<li>Camera tr\u01b0\u1edbc 18MP h\u1ed7 tr\u1ee3 HDR v\u00e0 Dolby Vision<\/li>\n<li>Ch\u1ed1ng n\u01b0\u1edbc v\u00e0 ch\u1ed1ng b\u1ee5i: Chu\u1ea9n IP68 (\u1edf \u0111\u1ed9 s\u00e2u 6 m\u00e9t trong t\u1ed1i \u0111a 30 ph\u00fat)<\/li>\n<li>Dung l\u01b0\u1ee3ng pin: Ph\u00e1t video li\u00ean t\u1ee5c \u0111\u1ebfn 37 gi\u1edd, h\u1ed7 tr\u1ee3 s\u1ea1c nhanh PD 2.0 (50% trong 30 ph\u00fat)<\/li>\n<li>S\u1ea1c kh\u00f4ng d\u00e2y: MagSafe 25W, Qi2 15W, h\u1ed7 tr\u1ee3 s\u1ea1c ng\u01b0\u1ee3c c\u00f3 d\u00e2y 4.5W<\/li>\n<li>B\u1ea3o m\u1eadt: Face ID th\u1ebf h\u1ec7 m\u1edbi, nhanh v\u00e0 ch\u00ednh x\u00e1c h\u01a1n<\/li>\n<li>H\u1ec7 \u0111i\u1ec1u h\u00e0nh: iOS 26 v\u1edbi nhi\u1ec1u t\u00ednh n\u0103ng AI v\u00e0 c\u00e1 nh\u00e2n h\u00f3a th\u00f4ng minh<\/li>\n<\/ul>\n<p>B\u1ed9 s\u1ea3n ph\u1ea9m bao g\u1ed3m<\/p>\n<ul>\n<li>\u0110i\u1ec7n tho\u1ea1i iPhone 17 Pro Max 256GB<\/li>\n<li>C\u00e1p s\u1ea1c USB-C<\/li>\n<li>HDSD b\u1ea3o h\u00e0nh \u0111i\u1ec7n t\u1eed 12 th\u00e1ng.<\/li>\n<\/ul>\n<p>C\u00e1c th\u00f4ng tin Apple \u0111\u1ea3m b\u1ea3o (Ph\u00e1p l\u00fd)<\/p>\n<ul>\n<li>iPhone 17 Pro Max 256GB \u0111\u1ea1t chu\u1ea9n ch\u1ed1ng n\u01b0\u1edbc, ch\u1ed1ng b\u1ee5i IP68 (\u1edf \u0111\u1ed9 s\u00e2u 6 m\u00e9t trong t\u1ed1i \u0111a 30 ph\u00fat, theo ti\u00eau chu\u1ea9n IEC 60529).<\/li>\n<li>Kh\u1ea3 n\u0103ng ch\u1ed1ng n\u01b0\u1edbc kh\u00f4ng ph\u1ea3i v\u0129nh vi\u1ec5n v\u00e0 c\u00f3 th\u1ec3 gi\u1ea3m d\u1ea7n do hao m\u00f2n t\u1ef1 nhi\u00ean. Kh\u00f4ng s\u1ea1c khi m\u00e1y c\u00f2n \u01b0\u1edbt. Tham kh\u1ea3o h\u01b0\u1edbng d\u1eabn s\u1eed d\u1ee5ng \u0111\u1ec3 v\u1ec7 sinh \u0111\u00fang c\u00e1ch.<\/li>\n<li>Th\u1eddi l\u01b0\u1ee3ng pin thay \u0111\u1ed5i t\u00f9y theo c\u1ea5u h\u00ecnh v\u00e0 c\u00e1ch s\u1eed d\u1ee5ng.<\/li>\n<li>M\u00e0n h\u00ecnh c\u00f3 g\u00f3c bo tr\u00f2n; khi \u0111o theo h\u00ecnh ch\u1eef nh\u1eadt, k\u00edch th\u01b0\u1edbc l\u00e0 6.9 inch theo \u0111\u01b0\u1eddng ch\u00e9o, di\u1ec7n t\u00edch hi\u1ec3n th\u1ecb th\u1ef1c t\u1ebf nh\u1ecf h\u01a1n.<\/li>\n<li>Kh\u00f4ng b\u00e1n k\u00e8m b\u1ed9 s\u1ea1c ho\u1eb7c ph\u1ee5 ki\u1ec7n s\u1ea1c kh\u00f4ng d\u00e2y MagSafe.<\/li>\n<\/ul>\n","protected":false},"featured_media":10891,"comment_status":"open","ping_status":"closed","template":"","meta":[],"product_brand":[254],"product_cat":[270],"product_tag":[],"class_list":{"0":"post-10880","1":"product","2":"type-product","3":"status-publish","4":"has-post-thumbnail","6":"product_brand-ecoflow","7":"product_cat-iphone-17","9":"first","10":"instock","11":"shipping-taxable","12":"purchasable","13":"product-type-simple"},"_links":{"self":[{"href":"https:\/\/banmobile.com\/index.php\/wp-json\/wp\/v2\/product\/10880","targetHints":{"allow":["GET"]}}],"collection":[{"href":"https:\/\/banmobile.com\/index.php\/wp-json\/wp\/v2\/product"}],"about":[{"href":"https:\/\/banmobile.com\/index.php\/wp-json\/wp\/v2\/types\/product"}],"replies":[{"embeddable":true,"href":"https:\/\/banmobile.com\/index.php\/wp-json\/wp\/v2\/comments?post=10880"}],"version-history":[{"count":1,"href":"https:\/\/banmobile.com\/index.php\/wp-json\/wp\/v2\/product\/10880\/revisions"}],"predecessor-version":[{"id":10881,"href":"https:\/\/banmobile.com\/index.php\/wp-json\/wp\/v2\/product\/10880\/revisions\/10881"}],"wp:featuredmedia":[{"embeddable":true,"href":"https:\/\/banmobile.com\/index.php\/wp-json\/wp\/v2\/media\/10891"}],"wp:attachment":[{"href":"https:\/\/banmobile.com\/index.php\/wp-json\/wp\/v2\/media?parent=10880"}],"wp:term":[{"taxonomy":"product_brand","embeddable":true,"href":"https:\/\/banmobile.com\/index.php\/wp-json\/wp\/v2\/product_brand?post=10880"},{"taxonomy":"product_cat","embeddable":true,"href":"https:\/\/banmobile.com\/index.php\/wp-json\/wp\/v2\/product_cat?post=10880"},{"taxonomy":"product_tag","embeddable":true,"href":"https:\/\/banmobile.com\/index.php\/wp-json\/wp\/v2\/product_tag?post=10880"}],"curies":[{"name":"wp","href":"https:\/\/api.w.org\/{rel}","templated":true}]}}