{"id":14,"date":"2022-09-07T13:51:31","date_gmt":"2022-09-07T13:51:31","guid":{"rendered":"http:\/\/dummy.xtemos.com\/woodmart2\/accessories-elementor\/?page_id=14"},"modified":"2025-10-10T09:04:03","modified_gmt":"2025-10-10T09:04:03","slug":"about-us","status":"publish","type":"page","link":"https:\/\/banmobile.com\/index.php\/about-us\/","title":{"rendered":"About Us"},"content":{"rendered":"\t\t<div data-elementor-type=\"wp-page\" data-elementor-id=\"14\" class=\"elementor elementor-14\">\n\t\t\t\t<div class=\"wd-negative-gap elementor-element elementor-element-e6c8b76 e-flex e-con-boxed e-con e-parent\" data-id=\"e6c8b76\" data-element_type=\"container\" data-e-type=\"container\">\n\t\t\t\t\t<div class=\"e-con-inner\">\n\t\t\t\t<div class=\"elementor-element elementor-element-eb79e0b elementor-widget elementor-widget-heading\" data-id=\"eb79e0b\" data-element_type=\"widget\" data-e-type=\"widget\" data-widget_type=\"heading.default\">\n\t\t\t\t\t<h2 class=\"elementor-heading-title elementor-size-default\">Cung c\u1ea5p iPhone - iPad - Macbook - Smartphone - Ph\u1ee5 ki\u1ec7n ch\u00ednh h\u00e3ng<\/h2>\t\t\t\t<\/div>\n\t\t\t\t<div class=\"elementor-element elementor-element-e2b5492 elementor-widget elementor-widget-image\" data-id=\"e2b5492\" data-element_type=\"widget\" data-e-type=\"widget\" data-widget_type=\"image.default\">\n\t\t\t\t\t\t\t\t\t\t\t\t\t\t\t<img loading=\"lazy\" decoding=\"async\" width=\"1024\" height=\"576\" src=\"https:\/\/banmobile.com\/wp-content\/uploads\/2025\/10\/banstore-banner-sale-1024x576.jpg\" class=\"attachment-large size-large wp-image-10711\" alt=\"\" srcset=\"https:\/\/banmobile.com\/wp-content\/uploads\/2025\/10\/banstore-banner-sale-1024x576.jpg 1024w, https:\/\/banmobile.com\/wp-content\/uploads\/2025\/10\/banstore-banner-sale-300x169.jpg 300w, https:\/\/banmobile.com\/wp-content\/uploads\/2025\/10\/banstore-banner-sale-768x432.jpg 768w, https:\/\/banmobile.com\/wp-content\/uploads\/2025\/10\/banstore-banner-sale-1536x864.jpg 1536w, https:\/\/banmobile.com\/wp-content\/uploads\/2025\/10\/banstore-banner-sale-1200x675.jpg 1200w, https:\/\/banmobile.com\/wp-content\/uploads\/2025\/10\/banstore-banner-sale-148x83.jpg 148w, https:\/\/banmobile.com\/wp-content\/uploads\/2025\/10\/banstore-banner-sale.jpg 1920w\" sizes=\"auto, (max-width: 1024px) 100vw, 1024px\" \/>\t\t\t\t\t\t\t\t\t\t\t\t\t\t\t<\/div>\n\t\t\t\t\t<\/div>\n\t\t\t\t<\/div>\n\t\t<div class=\"wd-negative-gap elementor-element elementor-element-2563b9c wd-section-stretch e-flex e-con-boxed e-con e-parent\" data-id=\"2563b9c\" data-element_type=\"container\" data-e-type=\"container\" data-settings=\"{&quot;background_background&quot;:&quot;classic&quot;}\">\n\t\t\t\t\t<div class=\"e-con-inner\">\n\t\t<div class=\"elementor-element elementor-element-f8d1db4 e-con-full e-flex e-con e-child\" data-id=\"f8d1db4\" data-element_type=\"container\" data-e-type=\"container\">\n\t\t\t\t<div class=\"elementor-element elementor-element-887c72a wd-width-100 elementor-widget elementor-widget-wd_title\" data-id=\"887c72a\" data-element_type=\"widget\" data-e-type=\"widget\" data-widget_type=\"wd_title.default\">\n\t\t\t\t<div class=\"elementor-widget-container\">\n\t\t\t\t\t\t\t<div class=\"title-wrapper wd-set-mb reset-last-child wd-title-color-primary wd-title-style-default wd-title-size-default text-left\">\n\n\t\t\t\t\t\t\t\t\t\t\t<div class=\"title-subtitle subtitle-color-primary subtitle-style-default wd-fontsize-xs\">\n\t\t\t\t\tGI\u1edaI THI\u1ec6U\t\t\t\t<\/div>\n\t\t\t\n\t\t\t<div class=\"liner-continer\">\n\t\t\t\t<h2 class=\"woodmart-title-container title wd-fontsize-l\">Ch\u00e0o m\u1eebng b\u1ea1n \u0111\u1ebfn v\u1edbi Mr B\u00e0n Store \u2013 \u0111i\u1ec3m \u0111\u1ebfn \u0111\u00e1ng tin c\u1eady d\u00e0nh cho t\u00edn \u0111\u1ed3 c\u00f4ng ngh\u1ec7!<\/h2> \n\t\t\t\t\t\t\t<\/div>\n\n\t\t\t\t\t\t\t<div class=\"title-after_title reset-last-child wd-fontsize-xs\">\n\t\t\t\t\t<p>Ch\u00fang t\u00f4i chuy\u00ean cung c\u1ea5p smartphone, tablet, laptop v\u00e0 ph\u1ee5 ki\u1ec7n ch\u00ednh h\u00e3ng t\u1eeb hai th\u01b0\u01a1ng hi\u1ec7u h\u00e0ng \u0111\u1ea7u th\u1ebf gi\u1edbi Apple v\u00e0 Samsung. V\u1edbi cam k\u1ebft mang \u0111\u1ebfn s\u1ea3n ph\u1ea9m m\u1edbi nh\u1ea5t, gi\u00e1 t\u1ed1t nh\u1ea5t c\u00f9ng d\u1ecbch v\u1ee5 t\u01b0 v\u1ea5n \u2013 h\u1eadu m\u00e3i chuy\u00ean nghi\u1ec7p, Mr B\u00e0n Store gi\u00fap b\u1ea1n d\u1ec5 d\u00e0ng ch\u1ecdn \u0111\u01b0\u1ee3c thi\u1ebft b\u1ecb ph\u00f9 h\u1ee3p v\u1edbi nhu c\u1ea7u c\u00f4ng vi\u1ec7c, h\u1ecdc t\u1eadp v\u00e0 gi\u1ea3i tr\u00ed.<\/p><p>T\u1ea1i Mr. B\u00e0n Store, m\u1ed7i s\u1ea3n ph\u1ea9m \u0111\u1ec1u \u0111\u01b0\u1ee3c b\u1ea3o h\u00e0nh ch\u00ednh h\u00e3ng, \u0111i k\u00e8m nhi\u1ec1u \u01b0u \u0111\u00e3i h\u1ea5p d\u1eabn v\u00e0 ch\u00ednh s\u00e1ch \u0111\u1ed5i tr\u1ea3 linh ho\u1ea1t. \u0110\u1ed9i ng\u0169 nh\u00e2n vi\u00ean t\u1eadn t\u00e2m c\u1ee7a ch\u00fang t\u00f4i lu\u00f4n s\u1eb5n s\u00e0ng h\u1ed7 tr\u1ee3 \u0111\u1ec3 b\u1ea1n c\u00f3 tr\u1ea3i nghi\u1ec7m mua s\u1eafm h\u00e0i l\u00f2ng v\u00e0 an t\u00e2m tuy\u1ec7t \u0111\u1ed1i.<\/p>\t\t\t\t<\/div>\n\t\t\t\t\t<\/div>\n\t\t\t\t\t\t<\/div>\n\t\t\t\t<\/div>\n\t\t\t\t<\/div>\n\t\t<div class=\"elementor-element elementor-element-3f6c529 e-con-full e-flex e-con e-child\" data-id=\"3f6c529\" data-element_type=\"container\" data-e-type=\"container\">\n\t\t<div class=\"elementor-element elementor-element-10cf425 e-con-full e-flex e-con e-child\" data-id=\"10cf425\" data-element_type=\"container\" data-e-type=\"container\">\n\t\t\t\t<div class=\"elementor-element elementor-element-db7be0d elementor-widget elementor-widget-wd_image_or_svg\" data-id=\"db7be0d\" data-element_type=\"widget\" data-e-type=\"widget\" data-widget_type=\"wd_image_or_svg.default\">\n\t\t\t\t<div class=\"elementor-widget-container\">\n\t\t\t\t\t\n\t\t<div class=\"wd-image text-left\">\n\t\t\t\t\t\t\t\t<img loading=\"lazy\" decoding=\"async\" width=\"2560\" height=\"1705\" src=\"https:\/\/banmobile.com\/wp-content\/uploads\/2025\/10\/9102a0b2-89dd-43b7-a3de-83b35449bde8.jpeg\" class=\"attachment-full size-full\" alt=\"\" srcset=\"https:\/\/banmobile.com\/wp-content\/uploads\/2025\/10\/9102a0b2-89dd-43b7-a3de-83b35449bde8.jpeg 2560w, https:\/\/banmobile.com\/wp-content\/uploads\/2025\/10\/9102a0b2-89dd-43b7-a3de-83b35449bde8-300x200.jpeg 300w, https:\/\/banmobile.com\/wp-content\/uploads\/2025\/10\/9102a0b2-89dd-43b7-a3de-83b35449bde8-1024x682.jpeg 1024w, https:\/\/banmobile.com\/wp-content\/uploads\/2025\/10\/9102a0b2-89dd-43b7-a3de-83b35449bde8-768x512.jpeg 768w, https:\/\/banmobile.com\/wp-content\/uploads\/2025\/10\/9102a0b2-89dd-43b7-a3de-83b35449bde8-1536x1023.jpeg 1536w, https:\/\/banmobile.com\/wp-content\/uploads\/2025\/10\/9102a0b2-89dd-43b7-a3de-83b35449bde8-2048x1364.jpeg 2048w, https:\/\/banmobile.com\/wp-content\/uploads\/2025\/10\/9102a0b2-89dd-43b7-a3de-83b35449bde8-1200x799.jpeg 1200w, https:\/\/banmobile.com\/wp-content\/uploads\/2025\/10\/9102a0b2-89dd-43b7-a3de-83b35449bde8-148x99.jpeg 148w\" sizes=\"auto, (max-width: 2560px) 100vw, 2560px\" \/>\t\t\t\t\t<\/div>\n\n\t\t\t\t\t\t<\/div>\n\t\t\t\t<\/div>\n\t\t\t\t<div class=\"elementor-element elementor-element-aa47fa9 elementor-widget elementor-widget-wd_image_or_svg\" data-id=\"aa47fa9\" data-element_type=\"widget\" data-e-type=\"widget\" data-widget_type=\"wd_image_or_svg.default\">\n\t\t\t\t<div class=\"elementor-widget-container\">\n\t\t\t\t\t\n\t\t<div class=\"wd-image text-left\">\n\t\t\t\t\t\t\t\t<img loading=\"lazy\" decoding=\"async\" width=\"398\" height=\"420\" src=\"https:\/\/banmobile.com\/wp-content\/uploads\/2022\/09\/acs-ab-us-img-2.jpg\" class=\"attachment-full size-full\" alt=\"\" \/>\t\t\t\t\t<\/div>\n\n\t\t\t\t\t\t<\/div>\n\t\t\t\t<\/div>\n\t\t\t\t<\/div>\n\t\t<div class=\"elementor-element elementor-element-7887001 e-con-full elementor-hidden-tablet elementor-hidden-mobile e-flex e-con e-child\" data-id=\"7887001\" data-element_type=\"container\" data-e-type=\"container\">\n\t\t<div class=\"elementor-element elementor-element-1e4c179 e-con-full e-flex e-con e-child\" data-id=\"1e4c179\" data-element_type=\"container\" data-e-type=\"container\" data-settings=\"{&quot;background_background&quot;:&quot;classic&quot;}\">\n\t\t\t\t<div class=\"elementor-element elementor-element-4d54c4c elementor-widget elementor-widget-image\" data-id=\"4d54c4c\" data-element_type=\"widget\" data-e-type=\"widget\" data-widget_type=\"image.default\">\n\t\t\t\t\t\t\t\t\t\t\t\t\t\t\t<img loading=\"lazy\" decoding=\"async\" width=\"1024\" height=\"633\" src=\"https:\/\/banmobile.com\/wp-content\/uploads\/2022\/09\/accessories-blog-img-1.jpg\" class=\"attachment-large size-large wp-image-8870\" alt=\"\" \/>\t\t\t\t\t\t\t\t\t\t\t\t\t\t\t<\/div>\n\t\t\t\t<\/div>\n\t\t\t\t<div class=\"elementor-element elementor-element-3e7fa8a elementor-widget elementor-widget-wd_image_or_svg\" data-id=\"3e7fa8a\" data-element_type=\"widget\" data-e-type=\"widget\" data-widget_type=\"wd_image_or_svg.default\">\n\t\t\t\t<div class=\"elementor-widget-container\">\n\t\t\t\t\t\n\t\t<div class=\"wd-image text-left\">\n\t\t\t\t\t\t\t\t<img loading=\"lazy\" decoding=\"async\" width=\"398\" height=\"270\" src=\"https:\/\/banmobile.com\/wp-content\/uploads\/2022\/09\/acs-ab-us-img-3.jpg\" class=\"attachment-full size-full\" alt=\"\" \/>\t\t\t\t\t<\/div>\n\n\t\t\t\t\t\t<\/div>\n\t\t\t\t<\/div>\n\t\t\t\t<\/div>\n\t\t\t\t<\/div>\n\t\t\t\t\t<\/div>\n\t\t\t\t<\/div>\n\t\t<div class=\"wd-negative-gap elementor-element elementor-element-d783a0c wd-section-stretch e-flex e-con-boxed e-con e-parent\" data-id=\"d783a0c\" data-element_type=\"container\" data-e-type=\"container\" data-settings=\"{&quot;background_background&quot;:&quot;classic&quot;}\">\n\t\t\t\t\t<div class=\"e-con-inner\">\n\t\t\t\t<div class=\"elementor-element elementor-element-98a5c16 elementor-widget elementor-widget-wd_infobox_carousel\" data-id=\"98a5c16\" data-element_type=\"widget\" data-e-type=\"widget\" data-widget_type=\"wd_infobox_carousel.default\">\n\t\t\t\t<div class=\"elementor-widget-container\">\n\t\t\t\t\t\t\t<div class=\"wd-carousel-container info-box-carousel-wrapper\">\n\t\t\t<div class=\"wd-carousel-inner\">\n\t\t\t\t<div class=\"wd-carousel wd-grid info-box-carousel\" data-scroll_per_page=\"yes\" style=\"--wd-col-lg:3;--wd-col-md:2;--wd-col-sm:3;--wd-gap-lg:30px;--wd-gap-sm:10px;\">\n\t\t\t\t\t<div class=\"wd-carousel-wrap\">\n\t\t\t\t\t\t\t\t\t\t\t\t\t\t\t\t\t\t\t\t\t\t<div class=\"info-box-wrapper wd-carousel-item\">\n\t\t\t<div class=\"wd-info-box text-center box-icon-align-top box-style-base color-scheme-  elementor-repeater-item-ea7510b\">\n\t\t\t\t\t\t\t\t\t<div class=\"box-icon-wrapper  box-with-icon box-icon-simple\">\n\t\t\t\t\t\t<div class=\"info-box-icon\">\n\t\t\t\t\t\t\t\t\t\t\t\t\t\t\t<div class=\"info-svg-wrapper\" style=\"width:60px; height:60px;\"><img decoding=\"async\"  src=\"https:\/\/banmobile.com\/wp-content\/uploads\/2022\/09\/accessories-infobox-1.svg\" title=\"accessories-infobox-1.svg\" loading=\"lazy\" width=\"60\" height=\"60\"><\/div>\t\t\t\t\t\t\t\t\t\t\t\t\t<\/div>\n\t\t\t\t\t<\/div>\n\t\t\t\t\n\t\t\t\t<div class=\"info-box-content\">\n\t\t\t\t\t\n\t\t\t\t\t\t\t\t\t\t\t<h4\t\t\t\t\t\tclass=\"info-box-title title box-title-style-default wd-fontsize-m\" data-elementor-setting-key=\"title\">\n\t\t\t\t\t\t\t\tGiao h\u00e0ng nhanh\t\t\t\t\t\t<\/h4>\n\t\t\t\t\t\n\t\t\t\t\t<div class=\"info-box-inner reset-last-child\"data-elementor-setting-key=\"content\"><\/div>\n\n\t\t\t\t\t\t\t\t\t<\/div>\n\n\t\t\t\t\t\t\t<\/div>\n\t\t<\/div>\n\t\t\t\t\t\t\t\t\t\t\t\t\t\t\t\t\t\t\t\t\t\t\t\t<div class=\"info-box-wrapper wd-carousel-item\">\n\t\t\t<div class=\"wd-info-box text-center box-icon-align-top box-style-base color-scheme-  elementor-repeater-item-3d12955\">\n\t\t\t\t\t\t\t\t\t<div class=\"box-icon-wrapper  box-with-icon box-icon-simple\">\n\t\t\t\t\t\t<div class=\"info-box-icon\">\n\t\t\t\t\t\t\t\t\t\t\t\t\t\t\t<div class=\"info-svg-wrapper\" style=\"width:60px; height:60px;\"><img decoding=\"async\"  src=\"https:\/\/banmobile.com\/wp-content\/uploads\/2022\/09\/accessories-infobox-2.svg\" title=\"accessories-infobox-2.svg\" loading=\"lazy\" width=\"60\" height=\"60\"><\/div>\t\t\t\t\t\t\t\t\t\t\t\t\t<\/div>\n\t\t\t\t\t<\/div>\n\t\t\t\t\n\t\t\t\t<div class=\"info-box-content\">\n\t\t\t\t\t\n\t\t\t\t\t\t\t\t\t\t\t<h4\t\t\t\t\t\tclass=\"info-box-title title box-title-style-default wd-fontsize-m\" data-elementor-setting-key=\"title\">\n\t\t\t\t\t\t\t\tH\u00e0ng \u0111\u00fang ch\u1ea5t l\u01b0\u1ee3ng\t\t\t\t\t\t<\/h4>\n\t\t\t\t\t\n\t\t\t\t\t<div class=\"info-box-inner reset-last-child\"data-elementor-setting-key=\"content\"><\/div>\n\n\t\t\t\t\t\t\t\t\t<\/div>\n\n\t\t\t\t\t\t\t<\/div>\n\t\t<\/div>\n\t\t\t\t\t\t\t\t\t\t\t\t\t\t\t\t\t\t\t\t\t\t\t\t<div class=\"info-box-wrapper wd-carousel-item\">\n\t\t\t<div class=\"wd-info-box text-center box-icon-align-top box-style-base color-scheme-  elementor-repeater-item-436686a\">\n\t\t\t\t\t\t\t\t\t<div class=\"box-icon-wrapper  box-with-icon box-icon-simple\">\n\t\t\t\t\t\t<div class=\"info-box-icon\">\n\t\t\t\t\t\t\t\t\t\t\t\t\t\t\t<div class=\"info-svg-wrapper\" style=\"width:60px; height:60px;\"><img decoding=\"async\"  src=\"https:\/\/banmobile.com\/wp-content\/uploads\/2022\/09\/accessories-infobox-3.svg\" title=\"accessories-infobox-3.svg\" loading=\"lazy\" width=\"60\" height=\"60\"><\/div>\t\t\t\t\t\t\t\t\t\t\t\t\t<\/div>\n\t\t\t\t\t<\/div>\n\t\t\t\t\n\t\t\t\t<div class=\"info-box-content\">\n\t\t\t\t\t\n\t\t\t\t\t\t\t\t\t\t\t<h4\t\t\t\t\t\tclass=\"info-box-title title box-title-style-default wd-fontsize-m\" data-elementor-setting-key=\"title\">\n\t\t\t\t\t\t\t\tH\u1eadu m\u00e3i t\u1eadn t\u00ecnh\t\t\t\t\t\t<\/h4>\n\t\t\t\t\t\n\t\t\t\t\t<div class=\"info-box-inner reset-last-child\"data-elementor-setting-key=\"content\"><\/div>\n\n\t\t\t\t\t\t\t\t\t<\/div>\n\n\t\t\t\t\t\t\t<\/div>\n\t\t<\/div>\n\t\t\t\t\t\t\t\t\t\t\t\t\t<\/div>\n\t\t\t\t<\/div>\n\n\t\t\t\t\t\t\t\t\t\t\t<div class=\"wd-nav-arrows wd-pos-sep wd-hover-1 wd-icon-1\">\n\t\t\t<div class=\"wd-btn-arrow wd-prev wd-disabled\">\n\t\t\t\t<div class=\"wd-arrow-inner\"><\/div>\n\t\t\t<\/div>\n\t\t\t<div class=\"wd-btn-arrow wd-next\">\n\t\t\t\t<div class=\"wd-arrow-inner\"><\/div>\n\t\t\t<\/div>\n\t\t<\/div>\n\t\t\t\t\t\t\t\t\t<\/div>\n\n\t\t\t\t\t\t\t\t<\/div>\n\t\t\t\t\t\t<\/div>\n\t\t\t\t<\/div>\n\t\t\t\t\t<\/div>\n\t\t\t\t<\/div>\n\t\t<div class=\"wd-negative-gap elementor-element elementor-element-4f89a4f color-scheme-light e-flex e-con-boxed e-con e-parent\" data-id=\"4f89a4f\" data-element_type=\"container\" data-e-type=\"container\" data-settings=\"{&quot;background_background&quot;:&quot;classic&quot;}\">\n\t\t\t\t\t<div class=\"e-con-inner\">\n\t\t\t\t<div class=\"elementor-element elementor-element-367cff0 wd-width-100 elementor-widget elementor-widget-wd_title\" data-id=\"367cff0\" data-element_type=\"widget\" data-e-type=\"widget\" data-widget_type=\"wd_title.default\">\n\t\t\t\t<div class=\"elementor-widget-container\">\n\t\t\t\t\t\t\t<div class=\"title-wrapper wd-set-mb reset-last-child wd-title-color-white wd-title-style-default wd-title-size-large text-left\">\n\n\t\t\t\n\t\t\t<div class=\"liner-continer\">\n\t\t\t\t<h4 class=\"woodmart-title-container title wd-fontsize-xxl\">Li\u00ean l\u1ea1c ngay!<\/h4> \n\t\t\t\t\t\t\t<\/div>\n\n\t\t\t\t\t<\/div>\n\t\t\t\t\t\t<\/div>\n\t\t\t\t<\/div>\n\t\t\t\t<div class=\"elementor-element elementor-element-f621527 elementor-widget elementor-widget-wd_text_block\" data-id=\"f621527\" data-element_type=\"widget\" data-e-type=\"widget\" data-widget_type=\"wd_text_block.default\">\n\t\t\t\t<div class=\"elementor-widget-container\">\n\t\t\t\t\t\t\t<div class=\"wd-text-block reset-last-child text-left color-scheme-light\">\n\t\t\t\n\t\t\t<ul><li><strong>\u0110i\u1ec7n tho\u1ea1i \/ Zalo<\/strong>: <a href=\"tel:+84837872872\">+84837872872<\/a><\/li><li><strong>\u0110\u1ecba ch\u1ec9<\/strong>: 57 Ti\u1ec1n C\u1ea3nh, P. R\u1ea1ch D\u1eeba - TP.HCM (V\u0169ng T\u00e0u C\u0169).<\/li><\/ul>\n\t\t\t\t\t<\/div>\n\t\t\t\t\t\t<\/div>\n\t\t\t\t<\/div>\n\t\t\t\t<div class=\"elementor-element elementor-element-291d975 elementor-widget elementor-widget-wd_button\" data-id=\"291d975\" data-element_type=\"widget\" data-e-type=\"widget\" data-widget_type=\"wd_button.default\">\n\t\t\t\t<div class=\"elementor-widget-container\">\n\t\t\t\t\t\t\t<div class=\"wd-button-wrapper text-left\" >\n\t\t\t<a class=\"btn btn-style-default btn-shape-semi-round btn-size-default btn-icon-pos-right\"  href=\"tel:+84837872872\">\n\t\t\t\t<span class=\"wd-btn-text\" data-elementor-setting-key=\"text\">\n\t\t\t\t\tG\u1eccI HOTLINE !\t\t\t\t<\/span>\n\n\t\t\t\t\t\t\t<\/a>\n\t\t<\/div>\n\t\t\t\t\t\t<\/div>\n\t\t\t\t<\/div>\n\t\t\t\t\t<\/div>\n\t\t\t\t<\/div>\n\t\t\t\t<\/div>\n\t\t","protected":false},"excerpt":{"rendered":"<p>Cung c\u1ea5p iPhone &#8211; iPad &#8211; Macbook &#8211; Smartphone &#8211; Ph\u1ee5 ki\u1ec7n ch\u00ednh h\u00e3ng GI\u1edaI THI\u1ec6U Ch\u00e0o m\u1eebng b\u1ea1n \u0111\u1ebfn<\/p>\n","protected":false},"author":1,"featured_media":0,"parent":0,"menu_order":0,"comment_status":"closed","ping_status":"closed","template":"","meta":{"footnotes":""},"class_list":["post-14","page","type-page","status-publish","hentry"],"_links":{"self":[{"href":"https:\/\/banmobile.com\/index.php\/wp-json\/wp\/v2\/pages\/14","targetHints":{"allow":["GET"]}}],"collection":[{"href":"https:\/\/banmobile.com\/index.php\/wp-json\/wp\/v2\/pages"}],"about":[{"href":"https:\/\/banmobile.com\/index.php\/wp-json\/wp\/v2\/types\/page"}],"author":[{"embeddable":true,"href":"https:\/\/banmobile.com\/index.php\/wp-json\/wp\/v2\/users\/1"}],"replies":[{"embeddable":true,"href":"https:\/\/banmobile.com\/index.php\/wp-json\/wp\/v2\/comments?post=14"}],"version-history":[{"count":39,"href":"https:\/\/banmobile.com\/index.php\/wp-json\/wp\/v2\/pages\/14\/revisions"}],"predecessor-version":[{"id":10735,"href":"https:\/\/banmobile.com\/index.php\/wp-json\/wp\/v2\/pages\/14\/revisions\/10735"}],"wp:attachment":[{"href":"https:\/\/banmobile.com\/index.php\/wp-json\/wp\/v2\/media?parent=14"}],"curies":[{"name":"wp","href":"https:\/\/api.w.org\/{rel}","templated":true}]}}